{"id":277,"date":"2023-05-07T03:04:44","date_gmt":"2023-05-07T01:04:44","guid":{"rendered":"http:\/\/k-kosuke.design\/?page_id=277"},"modified":"2023-05-07T03:24:32","modified_gmt":"2023-05-07T01:24:32","slug":"origami-project","status":"publish","type":"page","link":"https:\/\/k-kosuke.design\/index.php\/origami-project\/","title":{"rendered":"Origami project"},"content":{"rendered":"\t\t<div data-elementor-type=\"wp-page\" data-elementor-id=\"277\" class=\"elementor elementor-277\">\n\t\t\t\t\t\t\t\t\t<section class=\"elementor-section elementor-top-section elementor-element elementor-element-2c8c689 elementor-section-boxed elementor-section-height-default elementor-section-height-default\" data-id=\"2c8c689\" data-element_type=\"section\">\n\t\t\t\t\t\t<div class=\"elementor-container elementor-column-gap-default\">\n\t\t\t\t\t<div class=\"elementor-column elementor-col-100 elementor-top-column elementor-element elementor-element-284f095\" data-id=\"284f095\" data-element_type=\"column\">\n\t\t\t<div class=\"elementor-widget-wrap elementor-element-populated\">\n\t\t\t\t\t\t\t\t<div class=\"elementor-element elementor-element-051b8bc elementor-widget elementor-widget-heading\" data-id=\"051b8bc\" data-element_type=\"widget\" data-widget_type=\"heading.default\">\n\t\t\t\t<div class=\"elementor-widget-container\">\n\t\t\t<style>\/*! elementor - v3.13.3 - 28-05-2023 *\/\n.elementor-heading-title{padding:0;margin:0;line-height:1}.elementor-widget-heading .elementor-heading-title[class*=elementor-size-]>a{color:inherit;font-size:inherit;line-height:inherit}.elementor-widget-heading .elementor-heading-title.elementor-size-small{font-size:15px}.elementor-widget-heading .elementor-heading-title.elementor-size-medium{font-size:19px}.elementor-widget-heading .elementor-heading-title.elementor-size-large{font-size:29px}.elementor-widget-heading .elementor-heading-title.elementor-size-xl{font-size:39px}.elementor-widget-heading .elementor-heading-title.elementor-size-xxl{font-size:59px}<\/style><h2 class=\"elementor-heading-title elementor-size-default\">Origami project<\/h2>\t\t<\/div>\n\t\t\t\t<\/div>\n\t\t\t\t\t<\/div>\n\t\t<\/div>\n\t\t\t\t\t\t\t<\/div>\n\t\t<\/section>\n\t\t\t\t<section class=\"elementor-section elementor-top-section elementor-element elementor-element-880cde4 elementor-section-boxed elementor-section-height-default elementor-section-height-default\" data-id=\"880cde4\" data-element_type=\"section\">\n\t\t\t\t\t\t<div class=\"elementor-container elementor-column-gap-default\">\n\t\t\t\t\t<div class=\"elementor-column elementor-col-100 elementor-top-column elementor-element elementor-element-84674b1\" data-id=\"84674b1\" data-element_type=\"column\">\n\t\t\t<div class=\"elementor-widget-wrap elementor-element-populated\">\n\t\t\t\t\t\t\t\t<div class=\"elementor-element elementor-element-484e09a elementor-widget__width-initial elementor-widget-tablet__width-initial elementor-widget elementor-widget-video\" data-id=\"484e09a\" data-element_type=\"widget\" data-settings=\"{&quot;video_type&quot;:&quot;vimeo&quot;}\" data-widget_type=\"video.default\">\n\t\t\t\t<div class=\"elementor-widget-container\">\n\t\t\t<style>\/*! elementor - v3.13.3 - 28-05-2023 *\/\n.elementor-widget-video .elementor-widget-container{overflow:hidden;transform:translateZ(0)}.elementor-widget-video .elementor-wrapper{aspect-ratio:var(--video-aspect-ratio)}.elementor-widget-video .elementor-wrapper iframe,.elementor-widget-video .elementor-wrapper video{height:100%;width:100%;display:flex;border:none;background-color:#000}@supports not (aspect-ratio:1\/1){.elementor-widget-video .elementor-wrapper{position:relative;overflow:hidden;height:0;padding-bottom:calc(100% \/ var(--video-aspect-ratio))}.elementor-widget-video .elementor-wrapper iframe,.elementor-widget-video .elementor-wrapper video{position:absolute;top:0;right:0;bottom:0;left:0}}.elementor-widget-video .elementor-open-inline .elementor-custom-embed-image-overlay{position:absolute;top:0;left:0;width:100%;height:100%;background-size:cover;background-position:50%}.elementor-widget-video .elementor-custom-embed-image-overlay{cursor:pointer;text-align:center}.elementor-widget-video .elementor-custom-embed-image-overlay:hover .elementor-custom-embed-play i{opacity:1}.elementor-widget-video .elementor-custom-embed-image-overlay img{display:block;width:100%}.elementor-widget-video .e-hosted-video .elementor-video{-o-object-fit:cover;object-fit:cover}.e-con-inner>.elementor-widget-video,.e-con>.elementor-widget-video{width:var(--container-widget-width);--flex-grow:var(--container-widget-flex-grow)}<\/style>\t\t<div class=\"elementor-wrapper elementor-open-inline\">\n\t\t\t<iframe class=\"elementor-video-iframe\" allowfullscreen title=\"vimeo Video Player\" src=\"https:\/\/player.vimeo.com\/video\/749186569?color&amp;autopause=0&amp;loop=0&amp;muted=0&amp;title=1&amp;portrait=1&amp;byline=1#t=\"><\/iframe>\t\t<\/div>\n\t\t\t\t<\/div>\n\t\t\t\t<\/div>\n\t\t\t\t\t<\/div>\n\t\t<\/div>\n\t\t\t\t\t\t\t<\/div>\n\t\t<\/section>\n\t\t\t\t<section class=\"elementor-section elementor-top-section elementor-element elementor-element-b96219c elementor-section-boxed elementor-section-height-default elementor-section-height-default\" data-id=\"b96219c\" data-element_type=\"section\">\n\t\t\t\t\t\t<div class=\"elementor-container elementor-column-gap-default\">\n\t\t\t\t\t<div class=\"elementor-column elementor-col-50 elementor-top-column elementor-element elementor-element-3a2615c\" data-id=\"3a2615c\" data-element_type=\"column\">\n\t\t\t<div class=\"elementor-widget-wrap\">\n\t\t\t\t\t\t\t\t\t<\/div>\n\t\t<\/div>\n\t\t\t\t<div class=\"elementor-column elementor-col-50 elementor-top-column elementor-element elementor-element-5137c56\" data-id=\"5137c56\" data-element_type=\"column\">\n\t\t\t<div class=\"elementor-widget-wrap elementor-element-populated\">\n\t\t\t\t\t\t\t\t<div class=\"elementor-element elementor-element-5dc3dab elementor-widget-mobile__width-initial elementor-widget elementor-widget-text-editor\" data-id=\"5dc3dab\" data-element_type=\"widget\" data-widget_type=\"text-editor.default\">\n\t\t\t\t<div class=\"elementor-widget-container\">\n\t\t\t<style>\/*! elementor - v3.13.3 - 28-05-2023 *\/\n.elementor-widget-text-editor.elementor-drop-cap-view-stacked .elementor-drop-cap{background-color:#69727d;color:#fff}.elementor-widget-text-editor.elementor-drop-cap-view-framed .elementor-drop-cap{color:#69727d;border:3px solid;background-color:transparent}.elementor-widget-text-editor:not(.elementor-drop-cap-view-default) .elementor-drop-cap{margin-top:8px}.elementor-widget-text-editor:not(.elementor-drop-cap-view-default) .elementor-drop-cap-letter{width:1em;height:1em}.elementor-widget-text-editor .elementor-drop-cap{float:left;text-align:center;line-height:1;font-size:50px}.elementor-widget-text-editor .elementor-drop-cap-letter{display:inline-block}<\/style>\t\t\t\t<p>C&#8217;est un projet sur l&#8217;exploitation du papier d\u00e9pliable. <br \/>Lors de mes premi\u00e8res recherches, j&#8217;ai pli\u00e9 une feuille avec un motif r\u00e9p\u00e9titif,<br \/>puis invers\u00e9 le sens du pliage. <\/p><p>Chaque motif s&#8217;ouvre comme un accord\u00e9on. J&#8217;ai trouv\u00e9 le mouvement de ces formes int\u00e9ressant. Certains s&#8217;ouvrent comme des fleurs et d&#8217;autres comme un pont. <br \/>Pour d\u00e9couvrir chaque mouvement, j&#8217;ai realis\u00e9 une animation en stop motion.<\/p>\t\t\t\t\t\t<\/div>\n\t\t\t\t<\/div>\n\t\t\t\t\t<\/div>\n\t\t<\/div>\n\t\t\t\t\t\t\t<\/div>\n\t\t<\/section>\n\t\t\t\t<section class=\"elementor-section elementor-top-section elementor-element elementor-element-8ceb150 elementor-section-boxed elementor-section-height-default elementor-section-height-default\" data-id=\"8ceb150\" data-element_type=\"section\">\n\t\t\t\t\t\t<div class=\"elementor-container elementor-column-gap-default\">\n\t\t\t\t\t<div class=\"elementor-column elementor-col-50 elementor-top-column elementor-element elementor-element-4bedc9d\" data-id=\"4bedc9d\" data-element_type=\"column\">\n\t\t\t<div class=\"elementor-widget-wrap elementor-element-populated\">\n\t\t\t\t\t\t\t\t<div class=\"elementor-element elementor-element-16a9708 elementor-widget__width-initial elementor-widget elementor-widget-image\" data-id=\"16a9708\" data-element_type=\"widget\" data-widget_type=\"image.default\">\n\t\t\t\t<div class=\"elementor-widget-container\">\n\t\t\t<style>\/*! elementor - v3.13.3 - 28-05-2023 *\/\n.elementor-widget-image{text-align:center}.elementor-widget-image a{display:inline-block}.elementor-widget-image a img[src$=\".svg\"]{width:48px}.elementor-widget-image img{vertical-align:middle;display:inline-block}<\/style>\t\t\t\t\t\t\t\t\t\t\t\t<img loading=\"lazy\" decoding=\"async\" width=\"724\" height=\"1024\" src=\"https:\/\/k-kosuke.design\/wp-content\/uploads\/2023\/05\/page_semoir_explication19-1-724x1024.jpg\" class=\"attachment-large size-large wp-image-281\" alt=\"\" srcset=\"https:\/\/k-kosuke.design\/wp-content\/uploads\/2023\/05\/page_semoir_explication19-1-724x1024.jpg 724w, https:\/\/k-kosuke.design\/wp-content\/uploads\/2023\/05\/page_semoir_explication19-1-212x300.jpg 212w, https:\/\/k-kosuke.design\/wp-content\/uploads\/2023\/05\/page_semoir_explication19-1-768x1086.jpg 768w, https:\/\/k-kosuke.design\/wp-content\/uploads\/2023\/05\/page_semoir_explication19-1-1086x1536.jpg 1086w, https:\/\/k-kosuke.design\/wp-content\/uploads\/2023\/05\/page_semoir_explication19-1-1448x2048.jpg 1448w, https:\/\/k-kosuke.design\/wp-content\/uploads\/2023\/05\/page_semoir_explication19-1-scaled.jpg 1810w\" sizes=\"auto, (max-width: 724px) 100vw, 724px\" \/>\t\t\t\t\t\t\t\t\t\t\t\t\t\t\t<\/div>\n\t\t\t\t<\/div>\n\t\t\t\t\t<\/div>\n\t\t<\/div>\n\t\t\t\t<div class=\"elementor-column elementor-col-50 elementor-top-column elementor-element elementor-element-036e5f0\" data-id=\"036e5f0\" data-element_type=\"column\">\n\t\t\t<div class=\"elementor-widget-wrap elementor-element-populated\">\n\t\t\t\t\t\t\t\t<div class=\"elementor-element elementor-element-45ba0e8 elementor-widget-tablet__width-initial elementor-widget elementor-widget-image\" data-id=\"45ba0e8\" data-element_type=\"widget\" data-widget_type=\"image.default\">\n\t\t\t\t<div class=\"elementor-widget-container\">\n\t\t\t\t\t\t\t\t\t\t\t\t\t\t\t<img loading=\"lazy\" decoding=\"async\" width=\"573\" height=\"1024\" src=\"https:\/\/k-kosuke.design\/wp-content\/uploads\/2023\/05\/paterne7-scaled-e1683417253771-573x1024.jpg\" class=\"attachment-large size-large wp-image-279\" alt=\"\" srcset=\"https:\/\/k-kosuke.design\/wp-content\/uploads\/2023\/05\/paterne7-scaled-e1683417253771-573x1024.jpg 573w, https:\/\/k-kosuke.design\/wp-content\/uploads\/2023\/05\/paterne7-scaled-e1683417253771-168x300.jpg 168w, https:\/\/k-kosuke.design\/wp-content\/uploads\/2023\/05\/paterne7-scaled-e1683417253771-768x1373.jpg 768w, https:\/\/k-kosuke.design\/wp-content\/uploads\/2023\/05\/paterne7-scaled-e1683417253771-859x1536.jpg 859w, https:\/\/k-kosuke.design\/wp-content\/uploads\/2023\/05\/paterne7-scaled-e1683417253771-1146x2048.jpg 1146w, https:\/\/k-kosuke.design\/wp-content\/uploads\/2023\/05\/paterne7-scaled-e1683417253771.jpg 1432w\" sizes=\"auto, (max-width: 573px) 100vw, 573px\" \/>\t\t\t\t\t\t\t\t\t\t\t\t\t\t\t<\/div>\n\t\t\t\t<\/div>\n\t\t\t\t\t<\/div>\n\t\t<\/div>\n\t\t\t\t\t\t\t<\/div>\n\t\t<\/section>\n\t\t\t\t<section class=\"elementor-section elementor-top-section elementor-element elementor-element-e3e9885 elementor-section-boxed elementor-section-height-default elementor-section-height-default\" data-id=\"e3e9885\" data-element_type=\"section\">\n\t\t\t\t\t\t<div class=\"elementor-container elementor-column-gap-default\">\n\t\t\t\t\t<div class=\"elementor-column elementor-col-100 elementor-top-column elementor-element elementor-element-cf75ae3\" data-id=\"cf75ae3\" data-element_type=\"column\">\n\t\t\t<div class=\"elementor-widget-wrap elementor-element-populated\">\n\t\t\t\t\t\t\t\t<div class=\"elementor-element elementor-element-3713f2b elementor-widget__width-initial elementor-widget elementor-widget-text-editor\" data-id=\"3713f2b\" data-element_type=\"widget\" data-widget_type=\"text-editor.default\">\n\t\t\t\t<div class=\"elementor-widget-container\">\n\t\t\t\t\t\t\t<p>C&#8217;est une paterne simple qui obtient une forme comme un tube quand c&#8217;est ouvert. Puis une foisferm\u00e9 il obtiant une forme de fleure de lotus.<\/p>\t\t\t\t\t\t<\/div>\n\t\t\t\t<\/div>\n\t\t\t\t\t<\/div>\n\t\t<\/div>\n\t\t\t\t\t\t\t<\/div>\n\t\t<\/section>\n\t\t\t\t<section class=\"elementor-section elementor-top-section elementor-element elementor-element-6ca16bd elementor-section-boxed elementor-section-height-default elementor-section-height-default\" data-id=\"6ca16bd\" data-element_type=\"section\">\n\t\t\t\t\t\t<div class=\"elementor-container elementor-column-gap-default\">\n\t\t\t\t\t<div class=\"elementor-column elementor-col-50 elementor-top-column elementor-element elementor-element-c9f5b5c\" data-id=\"c9f5b5c\" data-element_type=\"column\">\n\t\t\t<div class=\"elementor-widget-wrap elementor-element-populated\">\n\t\t\t\t\t\t\t\t<div class=\"elementor-element elementor-element-d3a7d13 elementor-widget__width-initial elementor-widget elementor-widget-image\" data-id=\"d3a7d13\" data-element_type=\"widget\" data-widget_type=\"image.default\">\n\t\t\t\t<div class=\"elementor-widget-container\">\n\t\t\t\t\t\t\t\t\t\t\t\t\t\t\t<img loading=\"lazy\" decoding=\"async\" width=\"724\" height=\"1024\" src=\"https:\/\/k-kosuke.design\/wp-content\/uploads\/2023\/05\/page_semoir_explication19-2-724x1024.jpg\" class=\"attachment-large size-large wp-image-284\" alt=\"\" srcset=\"https:\/\/k-kosuke.design\/wp-content\/uploads\/2023\/05\/page_semoir_explication19-2-724x1024.jpg 724w, https:\/\/k-kosuke.design\/wp-content\/uploads\/2023\/05\/page_semoir_explication19-2-212x300.jpg 212w, https:\/\/k-kosuke.design\/wp-content\/uploads\/2023\/05\/page_semoir_explication19-2-768x1086.jpg 768w, https:\/\/k-kosuke.design\/wp-content\/uploads\/2023\/05\/page_semoir_explication19-2-1086x1536.jpg 1086w, https:\/\/k-kosuke.design\/wp-content\/uploads\/2023\/05\/page_semoir_explication19-2-1448x2048.jpg 1448w, https:\/\/k-kosuke.design\/wp-content\/uploads\/2023\/05\/page_semoir_explication19-2-scaled.jpg 1810w\" sizes=\"auto, (max-width: 724px) 100vw, 724px\" \/>\t\t\t\t\t\t\t\t\t\t\t\t\t\t\t<\/div>\n\t\t\t\t<\/div>\n\t\t\t\t\t<\/div>\n\t\t<\/div>\n\t\t\t\t<div class=\"elementor-column elementor-col-50 elementor-top-column elementor-element elementor-element-5d5ba6b\" data-id=\"5d5ba6b\" data-element_type=\"column\">\n\t\t\t<div class=\"elementor-widget-wrap elementor-element-populated\">\n\t\t\t\t\t\t\t\t<div class=\"elementor-element elementor-element-51e7c5d elementor-widget elementor-widget-image\" data-id=\"51e7c5d\" data-element_type=\"widget\" data-widget_type=\"image.default\">\n\t\t\t\t<div class=\"elementor-widget-container\">\n\t\t\t\t\t\t\t\t\t\t\t\t\t\t\t<img loading=\"lazy\" decoding=\"async\" width=\"617\" height=\"1024\" src=\"https:\/\/k-kosuke.design\/wp-content\/uploads\/2023\/05\/paterne12-scaled-e1683419774247-617x1024.jpg\" class=\"attachment-large size-large wp-image-280\" alt=\"\" srcset=\"https:\/\/k-kosuke.design\/wp-content\/uploads\/2023\/05\/paterne12-scaled-e1683419774247-617x1024.jpg 617w, https:\/\/k-kosuke.design\/wp-content\/uploads\/2023\/05\/paterne12-scaled-e1683419774247-181x300.jpg 181w, https:\/\/k-kosuke.design\/wp-content\/uploads\/2023\/05\/paterne12-scaled-e1683419774247-768x1275.jpg 768w, https:\/\/k-kosuke.design\/wp-content\/uploads\/2023\/05\/paterne12-scaled-e1683419774247-925x1536.jpg 925w, https:\/\/k-kosuke.design\/wp-content\/uploads\/2023\/05\/paterne12-scaled-e1683419774247-1234x2048.jpg 1234w, https:\/\/k-kosuke.design\/wp-content\/uploads\/2023\/05\/paterne12-scaled-e1683419774247.jpg 1542w\" sizes=\"auto, (max-width: 617px) 100vw, 617px\" \/>\t\t\t\t\t\t\t\t\t\t\t\t\t\t\t<\/div>\n\t\t\t\t<\/div>\n\t\t\t\t\t<\/div>\n\t\t<\/div>\n\t\t\t\t\t\t\t<\/div>\n\t\t<\/section>\n\t\t\t\t<section class=\"elementor-section elementor-top-section elementor-element elementor-element-8641c93 elementor-section-boxed elementor-section-height-default elementor-section-height-default\" data-id=\"8641c93\" data-element_type=\"section\">\n\t\t\t\t\t\t<div class=\"elementor-container elementor-column-gap-default\">\n\t\t\t\t\t<div class=\"elementor-column elementor-col-100 elementor-top-column elementor-element elementor-element-ea0df92\" data-id=\"ea0df92\" data-element_type=\"column\">\n\t\t\t<div class=\"elementor-widget-wrap elementor-element-populated\">\n\t\t\t\t\t\t\t\t<div class=\"elementor-element elementor-element-1e6681c elementor-widget__width-initial elementor-widget elementor-widget-text-editor\" data-id=\"1e6681c\" data-element_type=\"widget\" data-widget_type=\"text-editor.default\">\n\t\t\t\t<div class=\"elementor-widget-container\">\n\t\t\t\t\t\t\t<p>C&#8217;est une paterne de sens invers\u00e9 de celui du paterne pr\u00e9c\u00e9dent. Quand il est replier il a une forme comme une \u00e9toile. Et quand il est d\u00e9ploy\u00e9 il s\u2019ouvre comme un mur.<\/p>\t\t\t\t\t\t<\/div>\n\t\t\t\t<\/div>\n\t\t\t\t\t<\/div>\n\t\t<\/div>\n\t\t\t\t\t\t\t<\/div>\n\t\t<\/section>\n\t\t\t\t\t\t\t<\/div>\n\t\t","protected":false},"excerpt":{"rendered":"<p>Origami project https:\/\/vimeo.com\/749186569 C&#8217;est un projet sur l&#8217;exploitation du papier d\u00e9pliable. Lors de mes premi\u00e8res recherches, j&#8217;ai pli\u00e9 une feuille avec un motif r\u00e9p\u00e9titif,puis invers\u00e9 le sens du pliage. Chaque motif s&#8217;ouvre comme un accord\u00e9on. J&#8217;ai trouv\u00e9 le mouvement de ces formes int\u00e9ressant. Certains s&#8217;ouvrent comme des fleurs et d&#8217;autres comme un pont. Pour d\u00e9couvrir &hellip;<\/p>\n<p class=\"read-more\"> <a class=\"\" href=\"https:\/\/k-kosuke.design\/index.php\/origami-project\/\"> <span class=\"screen-reader-text\">Origami project<\/span> Read More &raquo;<\/a><\/p>\n","protected":false},"author":1,"featured_media":0,"parent":0,"menu_order":0,"comment_status":"closed","ping_status":"closed","template":"","meta":{"site-sidebar-layout":"no-sidebar","site-content-layout":"page-builder","ast-global-header-display":"","ast-banner-title-visibility":"","ast-main-header-display":"","ast-hfb-above-header-display":"","ast-hfb-below-header-display":"","ast-hfb-mobile-header-display":"","site-post-title":"disabled","ast-breadcrumbs-content":"","ast-featured-img":"disabled","footer-sml-layout":"","theme-transparent-header-meta":"","adv-header-id-meta":"","stick-header-meta":"","header-above-stick-meta":"","header-main-stick-meta":"","header-below-stick-meta":"","footnotes":""},"class_list":["post-277","page","type-page","status-publish","hentry"],"_links":{"self":[{"href":"https:\/\/k-kosuke.design\/index.php\/wp-json\/wp\/v2\/pages\/277","targetHints":{"allow":["GET"]}}],"collection":[{"href":"https:\/\/k-kosuke.design\/index.php\/wp-json\/wp\/v2\/pages"}],"about":[{"href":"https:\/\/k-kosuke.design\/index.php\/wp-json\/wp\/v2\/types\/page"}],"author":[{"embeddable":true,"href":"https:\/\/k-kosuke.design\/index.php\/wp-json\/wp\/v2\/users\/1"}],"replies":[{"embeddable":true,"href":"https:\/\/k-kosuke.design\/index.php\/wp-json\/wp\/v2\/comments?post=277"}],"version-history":[{"count":6,"href":"https:\/\/k-kosuke.design\/index.php\/wp-json\/wp\/v2\/pages\/277\/revisions"}],"predecessor-version":[{"id":291,"href":"https:\/\/k-kosuke.design\/index.php\/wp-json\/wp\/v2\/pages\/277\/revisions\/291"}],"wp:attachment":[{"href":"https:\/\/k-kosuke.design\/index.php\/wp-json\/wp\/v2\/media?parent=277"}],"curies":[{"name":"wp","href":"https:\/\/api.w.org\/{rel}","templated":true}]}}