{"id":154,"date":"2023-05-05T17:32:03","date_gmt":"2023-05-05T15:32:03","guid":{"rendered":"http:\/\/k-kosuke.design\/?page_id=154"},"modified":"2023-05-08T12:06:52","modified_gmt":"2023-05-08T10:06:52","slug":"semoir","status":"publish","type":"page","link":"https:\/\/k-kosuke.design\/index.php\/semoir\/","title":{"rendered":"semoir"},"content":{"rendered":"\t\t<div data-elementor-type=\"wp-page\" data-elementor-id=\"154\" class=\"elementor elementor-154\">\n\t\t\t\t\t\t\t\t\t<section class=\"elementor-section elementor-top-section elementor-element elementor-element-dc1dbbc elementor-section-boxed elementor-section-height-default elementor-section-height-default\" data-id=\"dc1dbbc\" data-element_type=\"section\">\n\t\t\t\t\t\t<div class=\"elementor-container elementor-column-gap-default\">\n\t\t\t\t\t<div class=\"elementor-column elementor-col-50 elementor-top-column elementor-element elementor-element-98b3c49\" data-id=\"98b3c49\" data-element_type=\"column\">\n\t\t\t<div class=\"elementor-widget-wrap elementor-element-populated\">\n\t\t\t\t\t\t\t\t<div class=\"elementor-element elementor-element-d845708 elementor-widget-mobile__width-initial elementor-widget__width-initial elementor-widget-tablet__width-initial elementor-widget elementor-widget-heading\" data-id=\"d845708\" data-element_type=\"widget\" data-settings=\"{&quot;_animation&quot;:&quot;none&quot;}\" data-widget_type=\"heading.default\">\n\t\t\t\t<div class=\"elementor-widget-container\">\n\t\t\t<style>\/*! elementor - v3.13.3 - 28-05-2023 *\/\n.elementor-heading-title{padding:0;margin:0;line-height:1}.elementor-widget-heading .elementor-heading-title[class*=elementor-size-]>a{color:inherit;font-size:inherit;line-height:inherit}.elementor-widget-heading .elementor-heading-title.elementor-size-small{font-size:15px}.elementor-widget-heading .elementor-heading-title.elementor-size-medium{font-size:19px}.elementor-widget-heading .elementor-heading-title.elementor-size-large{font-size:29px}.elementor-widget-heading .elementor-heading-title.elementor-size-xl{font-size:39px}.elementor-widget-heading .elementor-heading-title.elementor-size-xxl{font-size:59px}<\/style><h1 class=\"elementor-heading-title elementor-size-small\">CYCLE SEEDER<\/h1>\t\t<\/div>\n\t\t\t\t<\/div>\n\t\t\t\t\t<\/div>\n\t\t<\/div>\n\t\t\t\t<div class=\"elementor-column elementor-col-50 elementor-top-column elementor-element elementor-element-402227a\" data-id=\"402227a\" data-element_type=\"column\">\n\t\t\t<div class=\"elementor-widget-wrap\">\n\t\t\t\t\t\t\t\t\t<\/div>\n\t\t<\/div>\n\t\t\t\t\t\t\t<\/div>\n\t\t<\/section>\n\t\t\t\t<section class=\"elementor-section elementor-top-section elementor-element elementor-element-ef77711 elementor-section-boxed elementor-section-height-default elementor-section-height-default\" data-id=\"ef77711\" data-element_type=\"section\">\n\t\t\t\t\t\t<div class=\"elementor-container elementor-column-gap-default\">\n\t\t\t\t\t<div class=\"elementor-column elementor-col-100 elementor-top-column elementor-element elementor-element-a756491\" data-id=\"a756491\" data-element_type=\"column\">\n\t\t\t<div class=\"elementor-widget-wrap elementor-element-populated\">\n\t\t\t\t\t\t\t\t<div class=\"elementor-element elementor-element-8f0feb5 elementor-widget__width-initial elementor-widget elementor-widget-image\" data-id=\"8f0feb5\" data-element_type=\"widget\" data-widget_type=\"image.default\">\n\t\t\t\t<div class=\"elementor-widget-container\">\n\t\t\t<style>\/*! elementor - v3.13.3 - 28-05-2023 *\/\n.elementor-widget-image{text-align:center}.elementor-widget-image a{display:inline-block}.elementor-widget-image a img[src$=\".svg\"]{width:48px}.elementor-widget-image img{vertical-align:middle;display:inline-block}<\/style>\t\t\t\t\t\t\t\t\t\t\t\t<img decoding=\"async\" src=\"http:\/\/k-kosuke.design\/wp-content\/uploads\/2023\/05\/seeder_presentation_retouch-scaled.jpg\" title=\"\" alt=\"\" loading=\"lazy\" \/>\t\t\t\t\t\t\t\t\t\t\t\t\t\t\t<\/div>\n\t\t\t\t<\/div>\n\t\t\t\t\t<\/div>\n\t\t<\/div>\n\t\t\t\t\t\t\t<\/div>\n\t\t<\/section>\n\t\t\t\t<section class=\"elementor-section elementor-top-section elementor-element elementor-element-703827b elementor-section-boxed elementor-section-height-default elementor-section-height-default\" data-id=\"703827b\" data-element_type=\"section\">\n\t\t\t\t\t\t<div class=\"elementor-container elementor-column-gap-default\">\n\t\t\t\t\t<div class=\"elementor-column elementor-col-100 elementor-top-column elementor-element elementor-element-5239c51\" data-id=\"5239c51\" data-element_type=\"column\">\n\t\t\t<div class=\"elementor-widget-wrap elementor-element-populated\">\n\t\t\t\t\t\t\t\t<div class=\"elementor-element elementor-element-227903b elementor-widget__width-initial elementor-widget-tablet__width-initial elementor-widget elementor-widget-text-editor\" data-id=\"227903b\" data-element_type=\"widget\" data-widget_type=\"text-editor.default\">\n\t\t\t\t<div class=\"elementor-widget-container\">\n\t\t\t<style>\/*! elementor - v3.13.3 - 28-05-2023 *\/\n.elementor-widget-text-editor.elementor-drop-cap-view-stacked .elementor-drop-cap{background-color:#69727d;color:#fff}.elementor-widget-text-editor.elementor-drop-cap-view-framed .elementor-drop-cap{color:#69727d;border:3px solid;background-color:transparent}.elementor-widget-text-editor:not(.elementor-drop-cap-view-default) .elementor-drop-cap{margin-top:8px}.elementor-widget-text-editor:not(.elementor-drop-cap-view-default) .elementor-drop-cap-letter{width:1em;height:1em}.elementor-widget-text-editor .elementor-drop-cap{float:left;text-align:center;line-height:1;font-size:50px}.elementor-widget-text-editor .elementor-drop-cap-letter{display:inline-block}<\/style>\t\t\t\t<h5>Intention du projet<\/h5><p>Ce projet est n\u00e9 suite \u00e0 mes exp\u00e9rience en cuisine et je me suis rendu compte que \u00e0 quel point il est facile de consommer local et je souhaitais valoriser et aider les agriculteurs qui sont dans cette d\u00e9marche. Par la suite j\u2019ai rencontr\u00e9 des agriculteurs locaux du Vaucluse et des Bouches-du-Rh\u00f4ne.<br \/>Certains d\u2019entre eux pratiquent l\u2019agriculture sol vivant, c\u2019est une nouvelle technique de plus en plus r\u00e9pandue.<br \/>Les professionnels que j\u2019ai rencontr\u00e9s m\u2019ont indiqu\u00e9 qu\u2019il y avait un r\u00e9el manque de semoir performant pouvant s\u2019adapter \u00e0 ce type d\u2019agriculture qu\u2019ils pratiquent dans leur exploitations.<\/p>\t\t\t\t\t\t<\/div>\n\t\t\t\t<\/div>\n\t\t\t\t\t<\/div>\n\t\t<\/div>\n\t\t\t\t\t\t\t<\/div>\n\t\t<\/section>\n\t\t\t\t<section class=\"elementor-section elementor-top-section elementor-element elementor-element-da40287 elementor-section-boxed elementor-section-height-default elementor-section-height-default\" data-id=\"da40287\" data-element_type=\"section\">\n\t\t\t\t\t\t<div class=\"elementor-container elementor-column-gap-default\">\n\t\t\t\t\t<div class=\"elementor-column elementor-col-50 elementor-top-column elementor-element elementor-element-1d60002\" data-id=\"1d60002\" data-element_type=\"column\">\n\t\t\t<div class=\"elementor-widget-wrap\">\n\t\t\t\t\t\t\t\t\t<\/div>\n\t\t<\/div>\n\t\t\t\t<div class=\"elementor-column elementor-col-50 elementor-top-column elementor-element elementor-element-4e62360\" data-id=\"4e62360\" data-element_type=\"column\">\n\t\t\t<div class=\"elementor-widget-wrap\">\n\t\t\t\t\t\t\t\t\t<\/div>\n\t\t<\/div>\n\t\t\t\t\t\t\t<\/div>\n\t\t<\/section>\n\t\t\t\t<section class=\"elementor-section elementor-top-section elementor-element elementor-element-de6069b elementor-section-boxed elementor-section-height-default elementor-section-height-default\" data-id=\"de6069b\" data-element_type=\"section\">\n\t\t\t\t\t\t<div class=\"elementor-container elementor-column-gap-default\">\n\t\t\t\t\t<div class=\"elementor-column elementor-col-100 elementor-top-column elementor-element elementor-element-b7c62b4\" data-id=\"b7c62b4\" data-element_type=\"column\">\n\t\t\t<div class=\"elementor-widget-wrap\">\n\t\t\t\t\t\t\t\t\t<\/div>\n\t\t<\/div>\n\t\t\t\t\t\t\t<\/div>\n\t\t<\/section>\n\t\t\t\t<section class=\"elementor-section elementor-top-section elementor-element elementor-element-47ae3a0 elementor-section-boxed elementor-section-height-default elementor-section-height-default\" data-id=\"47ae3a0\" data-element_type=\"section\">\n\t\t\t\t\t\t<div class=\"elementor-container elementor-column-gap-default\">\n\t\t\t\t\t<div class=\"elementor-column elementor-col-50 elementor-top-column elementor-element elementor-element-cc363b4\" data-id=\"cc363b4\" data-element_type=\"column\">\n\t\t\t<div class=\"elementor-widget-wrap elementor-element-populated\">\n\t\t\t\t\t\t\t\t<div class=\"elementor-element elementor-element-d1d8d0f elementor-widget__width-initial elementor-widget-tablet__width-initial elementor-widget elementor-widget-spacer\" data-id=\"d1d8d0f\" data-element_type=\"widget\" data-widget_type=\"spacer.default\">\n\t\t\t\t<div class=\"elementor-widget-container\">\n\t\t\t<style>\/*! elementor - v3.13.3 - 28-05-2023 *\/\n.elementor-column .elementor-spacer-inner{height:var(--spacer-size)}.e-con{--container-widget-width:100%}.e-con-inner>.elementor-widget-spacer,.e-con>.elementor-widget-spacer{width:var(--container-widget-width,var(--spacer-size));--align-self:var(--container-widget-align-self,initial);--flex-shrink:0}.e-con-inner>.elementor-widget-spacer>.elementor-widget-container,.e-con-inner>.elementor-widget-spacer>.elementor-widget-container>.elementor-spacer,.e-con>.elementor-widget-spacer>.elementor-widget-container,.e-con>.elementor-widget-spacer>.elementor-widget-container>.elementor-spacer{height:100%}.e-con-inner>.elementor-widget-spacer>.elementor-widget-container>.elementor-spacer>.elementor-spacer-inner,.e-con>.elementor-widget-spacer>.elementor-widget-container>.elementor-spacer>.elementor-spacer-inner{height:var(--container-widget-height,var(--spacer-size))}<\/style>\t\t<div class=\"elementor-spacer\">\n\t\t\t<div class=\"elementor-spacer-inner\"><\/div>\n\t\t<\/div>\n\t\t\t\t<\/div>\n\t\t\t\t<\/div>\n\t\t\t\t\t<\/div>\n\t\t<\/div>\n\t\t\t\t<div class=\"elementor-column elementor-col-50 elementor-top-column elementor-element elementor-element-17ed490\" data-id=\"17ed490\" data-element_type=\"column\">\n\t\t\t<div class=\"elementor-widget-wrap elementor-element-populated\">\n\t\t\t\t\t\t\t\t<div class=\"elementor-element elementor-element-7027753 elementor-widget__width-initial elementor-widget-tablet__width-initial elementor-widget elementor-widget-image\" data-id=\"7027753\" data-element_type=\"widget\" data-settings=\"{&quot;_animation&quot;:&quot;none&quot;}\" data-widget_type=\"image.default\">\n\t\t\t\t<div class=\"elementor-widget-container\">\n\t\t\t\t\t\t\t\t\t\t\t\t\t\t\t<img loading=\"lazy\" decoding=\"async\" width=\"1024\" height=\"616\" src=\"https:\/\/k-kosuke.design\/wp-content\/uploads\/2023\/05\/page_semoir_explication8-1024x616.jpg\" class=\"attachment-large size-large wp-image-181\" alt=\"\" srcset=\"https:\/\/k-kosuke.design\/wp-content\/uploads\/2023\/05\/page_semoir_explication8-1024x616.jpg 1024w, https:\/\/k-kosuke.design\/wp-content\/uploads\/2023\/05\/page_semoir_explication8-300x180.jpg 300w, https:\/\/k-kosuke.design\/wp-content\/uploads\/2023\/05\/page_semoir_explication8-768x462.jpg 768w, https:\/\/k-kosuke.design\/wp-content\/uploads\/2023\/05\/page_semoir_explication8-1536x924.jpg 1536w, https:\/\/k-kosuke.design\/wp-content\/uploads\/2023\/05\/page_semoir_explication8-2048x1232.jpg 2048w\" sizes=\"auto, (max-width: 1024px) 100vw, 1024px\" \/>\t\t\t\t\t\t\t\t\t\t\t\t\t\t\t<\/div>\n\t\t\t\t<\/div>\n\t\t\t\t\t<\/div>\n\t\t<\/div>\n\t\t\t\t\t\t\t<\/div>\n\t\t<\/section>\n\t\t\t\t<section class=\"elementor-section elementor-top-section elementor-element elementor-element-1226be2 elementor-section-boxed elementor-section-height-default elementor-section-height-default\" data-id=\"1226be2\" data-element_type=\"section\">\n\t\t\t\t\t\t<div class=\"elementor-container elementor-column-gap-default\">\n\t\t\t\t\t<div class=\"elementor-column elementor-col-50 elementor-top-column elementor-element elementor-element-ad17797\" data-id=\"ad17797\" data-element_type=\"column\">\n\t\t\t<div class=\"elementor-widget-wrap\">\n\t\t\t\t\t\t\t\t\t<\/div>\n\t\t<\/div>\n\t\t\t\t<div class=\"elementor-column elementor-col-50 elementor-top-column elementor-element elementor-element-a3e1699\" data-id=\"a3e1699\" data-element_type=\"column\">\n\t\t\t<div class=\"elementor-widget-wrap elementor-element-populated\">\n\t\t\t\t\t\t\t\t<div class=\"elementor-element elementor-element-8c71ba2 elementor-widget__width-initial elementor-widget-tablet__width-initial elementor-widget elementor-widget-image\" data-id=\"8c71ba2\" data-element_type=\"widget\" data-widget_type=\"image.default\">\n\t\t\t\t<div class=\"elementor-widget-container\">\n\t\t\t\t\t\t\t\t\t\t\t\t\t\t\t<img loading=\"lazy\" decoding=\"async\" width=\"1024\" height=\"580\" src=\"https:\/\/k-kosuke.design\/wp-content\/uploads\/2023\/05\/page_semoir_explication11-1024x580.jpg\" class=\"attachment-large size-large wp-image-235\" alt=\"\" srcset=\"https:\/\/k-kosuke.design\/wp-content\/uploads\/2023\/05\/page_semoir_explication11-1024x580.jpg 1024w, https:\/\/k-kosuke.design\/wp-content\/uploads\/2023\/05\/page_semoir_explication11-300x170.jpg 300w, https:\/\/k-kosuke.design\/wp-content\/uploads\/2023\/05\/page_semoir_explication11-768x435.jpg 768w, https:\/\/k-kosuke.design\/wp-content\/uploads\/2023\/05\/page_semoir_explication11-1536x871.jpg 1536w, https:\/\/k-kosuke.design\/wp-content\/uploads\/2023\/05\/page_semoir_explication11-2048x1161.jpg 2048w\" sizes=\"auto, (max-width: 1024px) 100vw, 1024px\" \/>\t\t\t\t\t\t\t\t\t\t\t\t\t\t\t<\/div>\n\t\t\t\t<\/div>\n\t\t\t\t\t<\/div>\n\t\t<\/div>\n\t\t\t\t\t\t\t<\/div>\n\t\t<\/section>\n\t\t\t\t<section class=\"elementor-section elementor-top-section elementor-element elementor-element-a66fe5f elementor-section-boxed elementor-section-height-default elementor-section-height-default\" data-id=\"a66fe5f\" data-element_type=\"section\">\n\t\t\t\t\t\t<div class=\"elementor-container elementor-column-gap-default\">\n\t\t\t\t\t<div class=\"elementor-column elementor-col-33 elementor-top-column elementor-element elementor-element-b353e3d\" data-id=\"b353e3d\" data-element_type=\"column\">\n\t\t\t<div class=\"elementor-widget-wrap elementor-element-populated\">\n\t\t\t\t\t\t\t\t<div class=\"elementor-element elementor-element-ed91afa elementor-widget-tablet__width-initial elementor-widget-mobile__width-initial elementor-widget elementor-widget-image\" data-id=\"ed91afa\" data-element_type=\"widget\" data-widget_type=\"image.default\">\n\t\t\t\t<div class=\"elementor-widget-container\">\n\t\t\t\t\t\t\t\t\t\t\t\t\t\t\t<img loading=\"lazy\" decoding=\"async\" width=\"768\" height=\"495\" src=\"https:\/\/k-kosuke.design\/wp-content\/uploads\/2023\/05\/seeder_explication_seed_5-768x495.jpg\" class=\"attachment-medium_large size-medium_large wp-image-240\" alt=\"\" srcset=\"https:\/\/k-kosuke.design\/wp-content\/uploads\/2023\/05\/seeder_explication_seed_5-768x495.jpg 768w, https:\/\/k-kosuke.design\/wp-content\/uploads\/2023\/05\/seeder_explication_seed_5-300x194.jpg 300w, https:\/\/k-kosuke.design\/wp-content\/uploads\/2023\/05\/seeder_explication_seed_5-1024x661.jpg 1024w, https:\/\/k-kosuke.design\/wp-content\/uploads\/2023\/05\/seeder_explication_seed_5-1536x991.jpg 1536w, https:\/\/k-kosuke.design\/wp-content\/uploads\/2023\/05\/seeder_explication_seed_5-2048x1321.jpg 2048w\" sizes=\"auto, (max-width: 768px) 100vw, 768px\" \/>\t\t\t\t\t\t\t\t\t\t\t\t\t\t\t<\/div>\n\t\t\t\t<\/div>\n\t\t\t\t\t<\/div>\n\t\t<\/div>\n\t\t\t\t<div class=\"elementor-column elementor-col-33 elementor-top-column elementor-element elementor-element-99b00a8\" data-id=\"99b00a8\" data-element_type=\"column\">\n\t\t\t<div class=\"elementor-widget-wrap elementor-element-populated\">\n\t\t\t\t\t\t\t\t<div class=\"elementor-element elementor-element-4fc7a9f elementor-widget__width-initial elementor-widget-tablet__width-initial elementor-widget-mobile__width-initial elementor-widget elementor-widget-image\" data-id=\"4fc7a9f\" data-element_type=\"widget\" data-widget_type=\"image.default\">\n\t\t\t\t<div class=\"elementor-widget-container\">\n\t\t\t\t\t\t\t\t\t\t\t\t\t\t\t<img loading=\"lazy\" decoding=\"async\" width=\"768\" height=\"432\" src=\"https:\/\/k-kosuke.design\/wp-content\/uploads\/2023\/05\/seeder_whith_sub_seeder_back-768x432.jpg\" class=\"attachment-medium_large size-medium_large wp-image-242\" alt=\"\" srcset=\"https:\/\/k-kosuke.design\/wp-content\/uploads\/2023\/05\/seeder_whith_sub_seeder_back-768x432.jpg 768w, https:\/\/k-kosuke.design\/wp-content\/uploads\/2023\/05\/seeder_whith_sub_seeder_back-300x169.jpg 300w, https:\/\/k-kosuke.design\/wp-content\/uploads\/2023\/05\/seeder_whith_sub_seeder_back-1024x576.jpg 1024w, https:\/\/k-kosuke.design\/wp-content\/uploads\/2023\/05\/seeder_whith_sub_seeder_back-1536x864.jpg 1536w, https:\/\/k-kosuke.design\/wp-content\/uploads\/2023\/05\/seeder_whith_sub_seeder_back-2048x1152.jpg 2048w\" sizes=\"auto, (max-width: 768px) 100vw, 768px\" \/>\t\t\t\t\t\t\t\t\t\t\t\t\t\t\t<\/div>\n\t\t\t\t<\/div>\n\t\t\t\t\t<\/div>\n\t\t<\/div>\n\t\t\t\t<div class=\"elementor-column elementor-col-33 elementor-top-column elementor-element elementor-element-7bcbd2c\" data-id=\"7bcbd2c\" data-element_type=\"column\">\n\t\t\t<div class=\"elementor-widget-wrap elementor-element-populated\">\n\t\t\t\t\t\t\t\t<div class=\"elementor-element elementor-element-1ec6b58 elementor-widget__width-initial elementor-widget-tablet__width-initial elementor-widget-mobile__width-initial elementor-widget elementor-widget-image\" data-id=\"1ec6b58\" data-element_type=\"widget\" data-widget_type=\"image.default\">\n\t\t\t\t<div class=\"elementor-widget-container\">\n\t\t\t\t\t\t\t\t\t\t\t\t\t\t\t<img loading=\"lazy\" decoding=\"async\" width=\"768\" height=\"432\" src=\"https:\/\/k-kosuke.design\/wp-content\/uploads\/2023\/05\/seeder_installation_view_1-768x432.jpg\" class=\"attachment-medium_large size-medium_large wp-image-241\" alt=\"\" srcset=\"https:\/\/k-kosuke.design\/wp-content\/uploads\/2023\/05\/seeder_installation_view_1-768x432.jpg 768w, https:\/\/k-kosuke.design\/wp-content\/uploads\/2023\/05\/seeder_installation_view_1-300x169.jpg 300w, https:\/\/k-kosuke.design\/wp-content\/uploads\/2023\/05\/seeder_installation_view_1-1024x576.jpg 1024w, https:\/\/k-kosuke.design\/wp-content\/uploads\/2023\/05\/seeder_installation_view_1-1536x864.jpg 1536w, https:\/\/k-kosuke.design\/wp-content\/uploads\/2023\/05\/seeder_installation_view_1-2048x1152.jpg 2048w\" sizes=\"auto, (max-width: 768px) 100vw, 768px\" \/>\t\t\t\t\t\t\t\t\t\t\t\t\t\t\t<\/div>\n\t\t\t\t<\/div>\n\t\t\t\t\t<\/div>\n\t\t<\/div>\n\t\t\t\t\t\t\t<\/div>\n\t\t<\/section>\n\t\t\t\t\t\t\t<\/div>\n\t\t","protected":false},"excerpt":{"rendered":"<p>CYCLE SEEDER Intention du projet Ce projet est n\u00e9 suite \u00e0 mes exp\u00e9rience en cuisine et je me suis rendu compte que \u00e0 quel point il est facile de consommer local et je souhaitais valoriser et aider les agriculteurs qui sont dans cette d\u00e9marche. Par la suite j\u2019ai rencontr\u00e9 des agriculteurs locaux du Vaucluse et &hellip;<\/p>\n<p class=\"read-more\"> <a class=\"\" href=\"https:\/\/k-kosuke.design\/index.php\/semoir\/\"> <span class=\"screen-reader-text\">semoir<\/span> Read More &raquo;<\/a><\/p>\n","protected":false},"author":1,"featured_media":0,"parent":0,"menu_order":0,"comment_status":"closed","ping_status":"closed","template":"","meta":{"site-sidebar-layout":"no-sidebar","site-content-layout":"page-builder","ast-global-header-display":"","ast-banner-title-visibility":"","ast-main-header-display":"","ast-hfb-above-header-display":"","ast-hfb-below-header-display":"","ast-hfb-mobile-header-display":"","site-post-title":"disabled","ast-breadcrumbs-content":"","ast-featured-img":"disabled","footer-sml-layout":"","theme-transparent-header-meta":"","adv-header-id-meta":"","stick-header-meta":"","header-above-stick-meta":"","header-main-stick-meta":"","header-below-stick-meta":"","footnotes":""},"class_list":["post-154","page","type-page","status-publish","hentry"],"_links":{"self":[{"href":"https:\/\/k-kosuke.design\/index.php\/wp-json\/wp\/v2\/pages\/154","targetHints":{"allow":["GET"]}}],"collection":[{"href":"https:\/\/k-kosuke.design\/index.php\/wp-json\/wp\/v2\/pages"}],"about":[{"href":"https:\/\/k-kosuke.design\/index.php\/wp-json\/wp\/v2\/types\/page"}],"author":[{"embeddable":true,"href":"https:\/\/k-kosuke.design\/index.php\/wp-json\/wp\/v2\/users\/1"}],"replies":[{"embeddable":true,"href":"https:\/\/k-kosuke.design\/index.php\/wp-json\/wp\/v2\/comments?post=154"}],"version-history":[{"count":79,"href":"https:\/\/k-kosuke.design\/index.php\/wp-json\/wp\/v2\/pages\/154\/revisions"}],"predecessor-version":[{"id":298,"href":"https:\/\/k-kosuke.design\/index.php\/wp-json\/wp\/v2\/pages\/154\/revisions\/298"}],"wp:attachment":[{"href":"https:\/\/k-kosuke.design\/index.php\/wp-json\/wp\/v2\/media?parent=154"}],"curies":[{"name":"wp","href":"https:\/\/api.w.org\/{rel}","templated":true}]}}